{"id":63,"date":"2019-11-06T18:29:21","date_gmt":"2019-11-06T18:29:21","guid":{"rendered":"http:\/\/galluba.de\/?page_id=63"},"modified":"2023-10-29T12:50:59","modified_gmt":"2023-10-29T12:50:59","slug":"der-name-galluba","status":"publish","type":"page","link":"http:\/\/galluba.de\/?page_id=63","title":{"rendered":"Der Name &#8222;Galluba&#8220;"},"content":{"rendered":"\n<p>Die\n Herkunft des Namens konnte bis jetzt nicht eindeutig gekl\u00e4rt werden. \nDer Name Galluba k\u00f6nnte aus dem russischen stammen und &#8222;Taube&#8220; hei\u00dfen. \nEbenso wird ein Strauchgew\u00e4chs in Spanien mit &#8222;galluba&#8220; bezeichnet. <\/p>\n\n\n\n<p>Wer hierzu weitere Informationen hat, schreibt bitte an den Betreiber der Webseite. <\/p>\n","protected":false},"excerpt":{"rendered":"<p>Die Herkunft des Namens konnte bis jetzt nicht eindeutig gekl\u00e4rt werden. Der Name Galluba k\u00f6nnte aus dem russischen stammen und &#8222;Taube&#8220; hei\u00dfen. Ebenso wird ein Strauchgew\u00e4chs in Spanien mit &#8222;galluba&#8220; bezeichnet. Wer hierzu weitere Informationen hat, schreibt bitte an den Betreiber der Webseite.<\/p>\n","protected":false},"author":1,"featured_media":0,"parent":0,"menu_order":0,"comment_status":"closed","ping_status":"closed","template":"","meta":{"footnotes":""},"_links":{"self":[{"href":"http:\/\/galluba.de\/index.php?rest_route=\/wp\/v2\/pages\/63"}],"collection":[{"href":"http:\/\/galluba.de\/index.php?rest_route=\/wp\/v2\/pages"}],"about":[{"href":"http:\/\/galluba.de\/index.php?rest_route=\/wp\/v2\/types\/page"}],"author":[{"embeddable":true,"href":"http:\/\/galluba.de\/index.php?rest_route=\/wp\/v2\/users\/1"}],"replies":[{"embeddable":true,"href":"http:\/\/galluba.de\/index.php?rest_route=%2Fwp%2Fv2%2Fcomments&post=63"}],"version-history":[{"count":2,"href":"http:\/\/galluba.de\/index.php?rest_route=\/wp\/v2\/pages\/63\/revisions"}],"predecessor-version":[{"id":404,"href":"http:\/\/galluba.de\/index.php?rest_route=\/wp\/v2\/pages\/63\/revisions\/404"}],"wp:attachment":[{"href":"http:\/\/galluba.de\/index.php?rest_route=%2Fwp%2Fv2%2Fmedia&parent=63"}],"curies":[{"name":"wp","href":"https:\/\/api.w.org\/{rel}","templated":true}]}}