{"id":60,"date":"2023-09-06T18:27:00","date_gmt":"2023-09-06T18:27:00","guid":{"rendered":"http:\/\/galluba.de\/?page_id=60"},"modified":"2023-10-01T09:19:15","modified_gmt":"2023-10-01T09:19:15","slug":"die-porzellanfabrik-galluba-hofmann","status":"publish","type":"page","link":"http:\/\/galluba.de\/","title":{"rendered":"Die Porzellanfabrik \u201eGalluba &#038; Hofmann\u201c"},"content":{"rendered":"\n<p>Unter dem Namen \u201eBernhard K\u00fcchler &amp; Co.\u201c wurde am \n06.06.1888 diese Porzellanfabrik und das keramische Institut in das \nHandelsregister eingetragen. Der Sitz war in der Langewiesener Stra\u00dfe in\n Ilmenau\/Th\u00fcrigen. Sie spezialisierte sich vor allem auf die Fertigung \nfeine Porzellanfiguren. Auch blumenbelegte Gegenst\u00e4nde und K\u00fcchenger\u00e4te \ngeh\u00f6rten zum Sortiment. Au\u00dfer in Deutschland fanden die Porzellane auch \nin Frankreich und Amerika Absatz. Die Fabrik besch\u00e4ftigte zwei Jahre \nnach ihrer Gr\u00fcndung bereits 79 Arbeiter (66 m\u00e4nnliche, 13 weibliche) Die\n Summe der L\u00f6hne erreichte die H\u00f6he von 51.000 Mk. Absatzgebiete: \nDeutschland, Frankreich, England und Amerika. <\/p>\n\n\n\n<figure class=\"wp-block-image is-resized\"><img decoding=\"async\" loading=\"lazy\" src=\"http:\/\/galluba.de\/wp-content\/uploads\/2019\/11\/Karte-Jahreswechsel.gif\" alt=\"\" class=\"wp-image-73\" width=\"438\" height=\"307\"\/><figcaption>Gl\u00fcckwunschkarte zum Jahreswechsel<\/figcaption><\/figure>\n\n\n\n<p>Im Juni 1891 trat Hugo Galluba, der von 1881 \nbis 1891 Vorstandsmitglied in der \u201eIlmenauer Porzellanfabrik A.G. war, \nals Teilhaber ein. Es ist anzunehme, dass K\u00fcchler gleichzeitig \nausschied, denn der Firmenname wurde nun in \u201eGalluba &amp; Hofmann\u201c \nge\u00e4ndert. Gallubas Erfahrungen trugen sicher ganz wesentlich zum \nAufschwung der Fabrik bei, deren Belegschaft sechs Jahre sp\u00e4ter auf \u00fcber\n 500 Arbeiter angewachsen war. Die k\u00fcnstlerischen Leistungen fanden auf \ngr\u00f6\u00dferen Ausstellungen immer wieder Anerkennung. So erhielt \u201eGalluba \n&amp; Hofmann\u201c 1897 auf der S\u00e4chsisch-Th\u00fcringischen Industrie- und \nGewerbeausstellung in Leipzig die goldene Medaille. Die gro\u00dfherzogliche \nFamilie weilte mehrfach zu Besuch in der Fabrik.<\/p>\n\n\n\n<figure class=\"wp-block-image is-resized\"><img decoding=\"async\" loading=\"lazy\" src=\"http:\/\/galluba.de\/wp-content\/uploads\/2019\/11\/Messekarte.gif\" alt=\"\" class=\"wp-image-74\" width=\"497\" height=\"323\"\/><figcaption>Firmenkarte<\/figcaption><\/figure>\n\n\n\n<p>F\u00fcr dieses Jahrhundert sind die Nachrichten \n\u00fcber die Fabrik leider sehr sp\u00e4rlich. Originale Firmenunterlagen sind in\n den Archiven nicht \u00fcberliefert. Vermutlich ging die Fabrik schon bald \nnach Beginn der gro\u00dfen Weltwirtschaftskrise in Konkurs. Die \nPorzellanherstellung musste offenbar 1929 aufgegeben werden. Ab 1932 \nbefand sich die Porzellanmalerei \u201eHerzer, Reinhardt &amp; Gr\u00fcbel\u201c in den\n Fabrikgeb\u00e4uden.<\/p>\n\n\n\n<div class=\"wp-block-columns has-2-columns is-layout-flex wp-container-3 wp-block-columns-is-layout-flex\">\n<div class=\"wp-block-column is-layout-flow wp-block-column-is-layout-flow\">\n<figure class=\"wp-block-image\"><img decoding=\"async\" loading=\"lazy\" width=\"100\" height=\"112\" src=\"http:\/\/galluba.de\/wp-content\/uploads\/2019\/11\/Wappen-1.gif\" alt=\"\" class=\"wp-image-66\"\/><figcaption><strong>Ende 19. Jh.<\/strong> <br>Diese Marke wurde in die danach folgende Marke von &#8222;Galluba &amp; Hofmann eingef\u00fcgt.<br><br><br><\/figcaption><\/figure>\n\n\n\n<figure class=\"wp-block-image\"><img decoding=\"async\" loading=\"lazy\" width=\"100\" height=\"112\" src=\"http:\/\/galluba.de\/wp-content\/uploads\/2019\/11\/Wappen-3.gif\" alt=\"\" class=\"wp-image-68\"\/><figcaption><strong>ca. 1895 &#8211; bis 1925 <\/strong><br>Wahrscheinlich wurde der Zusatz Marmorzellan  nur bei den in dieser Technik dekorierten Porzellanen beigef\u00fcgt. Sie  wurde vermutlich noch vor Betriebsaufgabe nicht mehr verwendet. <\/figcaption><\/figure>\n\n\n\n<figure class=\"wp-block-image\"><img decoding=\"async\" loading=\"lazy\" width=\"100\" height=\"112\" src=\"http:\/\/galluba.de\/wp-content\/uploads\/2019\/11\/Wappen-4.gif\" alt=\"\" class=\"wp-image-69\"\/><figcaption><strong>ca. 1911 &#8211; bis ca. 1925<\/strong> <br>Diese Marke wurde 1911 im Reichswarenzeichenregister eingetragen. Kunstporzellane wurden so gekennzeichnet.<\/figcaption><\/figure>\n<\/div>\n\n\n\n<div class=\"wp-block-column is-layout-flow wp-block-column-is-layout-flow\">\n<figure class=\"wp-block-image\"><img decoding=\"async\" loading=\"lazy\" width=\"100\" height=\"112\" src=\"http:\/\/galluba.de\/wp-content\/uploads\/2019\/11\/Wappen-2.gif\" alt=\"\" class=\"wp-image-67\"\/><figcaption><strong>ca. 1895 &#8211; um 1900<\/strong> <br>Diese Marke wurde 1895 in das Reichswarenzeichenregister eingetragen. Bis wann sie verwendet wurde ist nicht eindeutig gekl\u00e4rt.<br><\/figcaption><\/figure>\n\n\n\n<figure class=\"wp-block-image\"><img decoding=\"async\" loading=\"lazy\" width=\"100\" height=\"112\" src=\"http:\/\/galluba.de\/wp-content\/uploads\/2019\/11\/Wappen-6.gif\" alt=\"\" class=\"wp-image-71\"\/><figcaption><strong>ca. 1905 &#8211; bis ca. 1920<\/strong><br>Vielleicht wurde diese Marke nur als Zusatz f\u00fcr die in dieser Technik dekorierten Porzellane verwendet<br><br><\/figcaption><\/figure>\n\n\n\n<figure class=\"wp-block-image\"><img decoding=\"async\" loading=\"lazy\" width=\"100\" height=\"112\" src=\"http:\/\/galluba.de\/wp-content\/uploads\/2019\/11\/Wappen-5.gif\" alt=\"\" class=\"wp-image-70\"\/><figcaption><strong>ca. 1905 &#8211; bis ca. 1929<\/strong><br>Diese Marke wurde 1905 im  Reichswarenzeichenregister eingetragen. Sie ist die h\u00e4ufigste Marke.  Teilweise tr\u00e4gt sie den Zusatz &#8222;Marmorzellan&#8220;. <\/figcaption><\/figure>\n<\/div>\n<\/div>\n\n\n\n<p>Ausstattung:<\/p>\n\n\n\n<p>4 \u00d6fen, 6 Muffeln (Muffelofen:\n durch Verbrennung geheizter keramischer Brennofen, bei dem die Ware \nnicht in direkten Kontakt mit der Flamme kommt, sondern in einem \ngesonderten Raum brennt, der durch eine feuerfeste Wand abgetrennt ist \n(Muffelprinzip). Beim Freifeuerprinzip kommt im Gegensatz dazu die Ware \nmit der Flamme in Ber\u00fchrung. Der Muffelofen dient u. a. zur thermischen \nBehandlung von Sonderabf\u00e4llen unter hohen Temperaturbedingungen, \ninsbesonders f\u00fcr die Verbrennung von fl\u00fcssigen oder gasf\u00f6rmigen \nAbf\u00e4llen. Muffelofen ist auch eine Bezeichnung f\u00fcr kleine elektrisch \nbeheizte \u00d6fen f\u00fcr Labor- oder Hobbybedarf.)<\/p>\n\n\n\n<p>\u00dcber 300 Mitarbeiter <\/p>\n","protected":false},"excerpt":{"rendered":"<p>Unter dem Namen \u201eBernhard K\u00fcchler &amp; Co.\u201c wurde am 06.06.1888 diese Porzellanfabrik und das keramische Institut in das Handelsregister eingetragen. Der Sitz war in der Langewiesener Stra\u00dfe in Ilmenau\/Th\u00fcrigen. Sie spezialisierte sich vor allem auf die Fertigung feine Porzellanfiguren. Auch blumenbelegte Gegenst\u00e4nde und K\u00fcchenger\u00e4te geh\u00f6rten zum Sortiment. Au\u00dfer in Deutschland fanden die Porzellane auch in &hellip; <\/p>\n<p class=\"link-more\"><a href=\"http:\/\/galluba.de\/\" class=\"more-link\"><span class=\"screen-reader-text\">\u201eDie Porzellanfabrik \u201eGalluba &#038; Hofmann\u201c\u201c<\/span> weiterlesen<\/a><\/p>\n","protected":false},"author":1,"featured_media":0,"parent":0,"menu_order":0,"comment_status":"closed","ping_status":"closed","template":"","meta":{"footnotes":""},"_links":{"self":[{"href":"http:\/\/galluba.de\/index.php?rest_route=\/wp\/v2\/pages\/60"}],"collection":[{"href":"http:\/\/galluba.de\/index.php?rest_route=\/wp\/v2\/pages"}],"about":[{"href":"http:\/\/galluba.de\/index.php?rest_route=\/wp\/v2\/types\/page"}],"author":[{"embeddable":true,"href":"http:\/\/galluba.de\/index.php?rest_route=\/wp\/v2\/users\/1"}],"replies":[{"embeddable":true,"href":"http:\/\/galluba.de\/index.php?rest_route=%2Fwp%2Fv2%2Fcomments&post=60"}],"version-history":[{"count":8,"href":"http:\/\/galluba.de\/index.php?rest_route=\/wp\/v2\/pages\/60\/revisions"}],"predecessor-version":[{"id":103,"href":"http:\/\/galluba.de\/index.php?rest_route=\/wp\/v2\/pages\/60\/revisions\/103"}],"wp:attachment":[{"href":"http:\/\/galluba.de\/index.php?rest_route=%2Fwp%2Fv2%2Fmedia&parent=60"}],"curies":[{"name":"wp","href":"https:\/\/api.w.org\/{rel}","templated":true}]}}