{"id":115,"date":"2023-10-03T12:34:20","date_gmt":"2023-10-03T12:34:20","guid":{"rendered":"http:\/\/galluba.de\/?page_id=115"},"modified":"2023-10-15T09:43:34","modified_gmt":"2023-10-15T09:43:34","slug":"impressum","status":"publish","type":"page","link":"http:\/\/galluba.de\/?page_id=115","title":{"rendered":"Impressum"},"content":{"rendered":"\n<p><br>Stefan Galluba<br>E-Mail: stefan.galluba@gmx.de<\/p>\n\n\n\n<p>Haben Sie Anregungen oder Vorschl\u00e4ge zu den Inhalten dieser Seiten, dann schreiben Sie an den Webmaster.<\/p>\n\n\n\n<p>Alle Rechte vorbehalten. Kein Teil der Homepage darf in irgendeiner Form ohne schriftliche Genehmigung des Webmasters reproduziert, vervielf\u00e4ltigt oder verbreitet werden.<\/p>\n\n\n\n<p>Trotz sorgf\u00e4ltiger inhaltlicher Kontrolle \u00fcbernehmen wir keine Haftung f\u00fcr die Inhalte externer Links. F\u00fcr den Inhalt der verlinkten Seiten sind ausschlie\u00dflich deren Betreiber verantwortlich.<\/p>\n","protected":false},"excerpt":{"rendered":"<p>Stefan GallubaE-Mail: stefan.galluba@gmx.de Haben Sie Anregungen oder Vorschl\u00e4ge zu den Inhalten dieser Seiten, dann schreiben Sie an den Webmaster. Alle Rechte vorbehalten. Kein Teil der Homepage darf in irgendeiner Form ohne schriftliche Genehmigung des Webmasters reproduziert, vervielf\u00e4ltigt oder verbreitet werden. Trotz sorgf\u00e4ltiger inhaltlicher Kontrolle \u00fcbernehmen wir keine Haftung f\u00fcr die Inhalte externer Links. F\u00fcr den &hellip; <\/p>\n<p class=\"link-more\"><a href=\"http:\/\/galluba.de\/?page_id=115\" class=\"more-link\"><span class=\"screen-reader-text\">\u201eImpressum\u201c<\/span> weiterlesen<\/a><\/p>\n","protected":false},"author":1,"featured_media":0,"parent":0,"menu_order":0,"comment_status":"closed","ping_status":"closed","template":"","meta":{"footnotes":""},"_links":{"self":[{"href":"http:\/\/galluba.de\/index.php?rest_route=\/wp\/v2\/pages\/115"}],"collection":[{"href":"http:\/\/galluba.de\/index.php?rest_route=\/wp\/v2\/pages"}],"about":[{"href":"http:\/\/galluba.de\/index.php?rest_route=\/wp\/v2\/types\/page"}],"author":[{"embeddable":true,"href":"http:\/\/galluba.de\/index.php?rest_route=\/wp\/v2\/users\/1"}],"replies":[{"embeddable":true,"href":"http:\/\/galluba.de\/index.php?rest_route=%2Fwp%2Fv2%2Fcomments&post=115"}],"version-history":[{"count":3,"href":"http:\/\/galluba.de\/index.php?rest_route=\/wp\/v2\/pages\/115\/revisions"}],"predecessor-version":[{"id":392,"href":"http:\/\/galluba.de\/index.php?rest_route=\/wp\/v2\/pages\/115\/revisions\/392"}],"wp:attachment":[{"href":"http:\/\/galluba.de\/index.php?rest_route=%2Fwp%2Fv2%2Fmedia&parent=115"}],"curies":[{"name":"wp","href":"https:\/\/api.w.org\/{rel}","templated":true}]}}